
{"id":961,"date":"2022-09-27T00:14:00","date_gmt":"2022-09-27T00:14:00","guid":{"rendered":"https:\/\/test.fondoalquimia.org\/?page_id=961"},"modified":"2022-12-22T21:18:41","modified_gmt":"2022-12-22T21:18:41","slug":"quienes-somos","status":"publish","type":"page","link":"https:\/\/test.fondoalquimia.org\/?page_id=961","title":{"rendered":"Qui\u00e9nes Somos"},"content":{"rendered":"<p>[vc_section background_position=&#8221;center top&#8221; css=&#8221;.vc_custom_1667489018932{margin-top: -50px !important;}&#8221;][vc_row equal_height=&#8221;yes&#8221;][vc_column width=&#8221;1\/5&#8243;][\/vc_column][vc_column width=&#8221;1\/5&#8243; bklyn_overlay=&#8221;true&#8221; css=&#8221;.vc_custom_1671665552226{padding-top: 55px !important;padding-bottom: 12px !important;background-color: #00a870 !important;}&#8221;][vc_column_text]<\/p>\n<p style=\"text-align: center; font-size: 1.5em; font-family: Roboto Condensed; color: #ffffff;\">QUI\u00c9NES<\/p>\n<p>[\/vc_column_text][vc_separator color=&#8221;white&#8221; border_width=&#8221;3&#8243; css=&#8221;.vc_custom_1664236679643{margin-top: -33px !important;padding-right: 35px !important;padding-left: 35px !important;}&#8221;][vc_column_text css=&#8221;.vc_custom_1669656751384{margin-top: -24px !important;}&#8221;]<\/p>\n<p style=\"text-align: center;\"><span style=\"color: #ffffff; font-size: 2.8em; font-family: Roboto Condensed; font-weight: bold;\">SOMOS<\/span><\/p>\n<p>[\/vc_column_text][\/vc_column][vc_column width=&#8221;2\/5&#8243; css=&#8221;.vc_custom_1664235355052{background-color: #00a870 !important;}&#8221;][vc_column_text]<\/p>\n<p style=\"text-align: justify; line-height: 1.2em;\"><span style=\"color: #ffffff;\">Somos un fondo de mujeres feminista, que trabaja por los derechos humanos de mujeres, ni\u00f1as y diversidades sexuales y de g\u00e9nero. Movilizamos recursos en apoyo a organizaciones territoriales y redes activistas, que desarrollan su quehacer en territorio chileno. Desde 2002 trabajamos junto a estas organizaciones por un futuro de buen vivir para todas, todos y todes.<\/span><\/p>\n<p>[\/vc_column_text][\/vc_column][vc_column width=&#8221;1\/5&#8243;][\/vc_column][\/vc_row][vc_row][vc_column bklyn_overlay=&#8221;true&#8221; css=&#8221;.vc_custom_1671665780897{margin-top: -80px !important;margin-bottom: -150px !important;}&#8221;]<div  class=\"wpb_content_element   clearfix\"><style type=\"text\/css\">#ut_am_69d454c395950 { opacity: 1; }#ut_am_wrap_69d454c395951 .ut-image-gallery-item-caption-title h3 { letter-spacing: 0em; }#ut_am_wrap_69d454c395951 .ut-gallery-slider-caption { font-weight: bold; }#ut_am_wrap_69d454c395951 { text-align: center; }@media (min-width: 768px) and (max-width: 1024px) { #ut_am_wrap_69d454c395951 { text-align: center !important; } }@media (max-width: 767px) { #ut_am_wrap_69d454c395951 { text-align: center !important; } }<\/style><div id=\"ut_am_wrap_69d454c395951\" class=\"ut-image-gallery-image \"><div id=\"ut_reveal_69d454c395952\"  data-appear-top-offset=\"auto\" class=\"ut-animated-image-item ut-image-gallery-item ut-animation-done \"><a class=\"ut-deactivated-link\" href=\"#\"><div class=\"ut-animated-image-zoom\"><img loading=\"lazy\" decoding=\"async\" class=\"ut-lazy skip-lazy ut-animated-image \"  id=\"ut_am_69d454c395950\" src=\"data:image\/svg+xml;charset=utf-8,%3Csvg xmlns%3D'http%3A%2F%2Fwww.w3.org%2F2000%2Fsvg' viewBox%3D'0 0 800 500'%2F%3E\" data-src=\"https:\/\/test.fondoalquimia.org\/wp-content\/uploads\/2022\/12\/quienes-somos-que\u2560u-son-los-fondos-de-mujeres-800x500.png\" width=\"800\" height=\"500\" alt=\"\"\/><\/div><\/a><\/div><\/div><\/div>[\/vc_column][\/vc_row][\/vc_section][vc_section css=&#8221;.vc_custom_1664459133343{margin-top: -40px !important;}&#8221;][vc_row][vc_column width=&#8221;2\/3&#8243;]<div  class=\"wpb_content_element   clearfix\"><style type=\"text\/css\">#ut_am_69d454c395bbf { opacity: 1; }#ut_am_wrap_69d454c395bc0 .ut-image-gallery-item-caption-title h3 { letter-spacing: 0em; }#ut_am_wrap_69d454c395bc0 .ut-gallery-slider-caption { font-weight: bold; }#ut_am_wrap_69d454c395bc0 { text-align: left; }@media (min-width: 768px) and (max-width: 1024px) { #ut_am_wrap_69d454c395bc0 { text-align: left !important; } }@media (max-width: 767px) { #ut_am_wrap_69d454c395bc0 { text-align: center !important; } }<\/style><div id=\"ut_am_wrap_69d454c395bc0\" class=\"ut-image-gallery-image \"><div id=\"ut_reveal_69d454c395bc1\"  data-appear-top-offset=\"auto\" class=\"ut-animated-image-item ut-image-gallery-item ut-animation-done \"><a class=\"ut-deactivated-link\" href=\"#\"><div class=\"ut-animated-image-zoom\"><img loading=\"lazy\" decoding=\"async\" class=\"ut-lazy skip-lazy ut-animated-image \"  id=\"ut_am_69d454c395bbf\" src=\"data:image\/svg+xml;charset=utf-8,%3Csvg xmlns%3D'http%3A%2F%2Fwww.w3.org%2F2000%2Fsvg' viewBox%3D'0 0 947 700'%2F%3E\" data-src=\"https:\/\/test.fondoalquimia.org\/wp-content\/uploads\/2022\/12\/quienes-somos-vision-mision-947x700.png\" width=\"947\" height=\"700\" alt=\"\"\/><\/div><\/a><\/div><\/div><\/div>[\/vc_column][vc_column width=&#8221;1\/3&#8243;][vc_empty_space][vc_empty_space][vc_column_text]<\/p>\n<p style=\"text-align: center; font-size: 1.5em; color: #00513e; font-family: Roboto Condensed;\">NUESTROS<\/p>\n<p>[\/vc_column_text][vc_separator color=&#8221;custom&#8221; border_width=&#8221;3&#8243; css=&#8221;.vc_custom_1664289697176{margin-top: -35px !important;padding-right: 80px !important;padding-left: 80px !important;}&#8221; accent_color=&#8221;#00513e&#8221;][vc_column_text css=&#8221;.vc_custom_1669656769014{margin-top: -27px !important;margin-right: 30px !important;margin-left: 30px !important;padding-right: -50px !important;padding-left: -50px !important;background-image: url(https:\/\/test.fondoalquimia.org\/wp-content\/uploads\/2022\/09\/QS_valores_bg.png?id=970) !important;background-position: center !important;background-repeat: no-repeat !important;background-size: contain !important;}&#8221;]<\/p>\n<p style=\"text-align: center;\"><span style=\"color: #ff8565; font-size: 2.8em; font-family: Roboto Condensed; font-weight: bold;\">VALORES<\/span><\/p>\n<p>[\/vc_column_text][vc_column_text css=&#8221;.vc_custom_1669829653457{background-position: center !important;background-repeat: no-repeat !important;background-size: contain !important;}&#8221;]<\/p>\n<p style=\"text-align: justify; line-height: 1.4em; font-size: 1.2em;\"><span style=\"color: #000000;\">La solidaridad feminista, el apoyo mutuo, la transparencia y la diversidad son los valores que gu\u00edan nuestra acci\u00f3n. Trabajamos con donantes y organizaciones en relaciones horizontales de compa\u00f1erismo, respeto, confianza, empat\u00eda y reciprocidad por sociedades democr\u00e1ticas, inclusivas, paritarias, interculturales y ecol\u00f3gicas. Donde se reconozcan como principios la no violencia, la justicia social, la dignidad de todos los seres humanos y su relaci\u00f3n indisoluble con la naturaleza.<\/span><\/p>\n<p>[\/vc_column_text][\/vc_column][\/vc_row][vc_row full_width=&#8221;&#8221; equal_height=&#8221;yes&#8221; css=&#8221;.vc_custom_1664317285094{background-position: center !important;background-repeat: no-repeat !important;background-size: contain !important;}&#8221;][vc_column width=&#8221;1\/4&#8243;][\/vc_column][vc_column width=&#8221;1\/2&#8243;][vc_empty_space][vc_column_text css=&#8221;.vc_custom_1669656812701{margin-top: -27px !important;margin-right: 190px !important;margin-left: 190px !important;background-image: url(https:\/\/test.fondoalquimia.org\/wp-content\/uploads\/2022\/09\/QS_valores_bg.png?id=970) !important;background-position: center !important;background-repeat: no-repeat !important;background-size: contain !important;}&#8221;]<\/p>\n<p style=\"text-align: center;\"><span style=\"color: #00a870; font-size: 2.8em; font-family: Roboto Condensed; font-weight: bold;\">Directorio<\/span><\/p>\n<p>[\/vc_column_text][vc_column_text css=&#8221;.vc_custom_1669656827605{margin-top: -30px !important;padding-top: -30px !important;background-position: center !important;background-repeat: no-repeat !important;background-size: contain !important;}&#8221;]<\/p>\n<p style=\"text-align: center; font-size: 1.6em; color: #00513e; font-family: Roboto Condensed;\">Fondo Alquimia cuenta con un directorio compuesto<br \/>\npor <span style=\"font-weight: bold;\">7 DESTACADAS MUJERES ACTIVISTAS:<\/span>[\/vc_column_text][vc_separator color=&#8221;custom&#8221; border_width=&#8221;4&#8243; css=&#8221;.vc_custom_1664318914143{margin-top: -38px !important;padding-right: 45px !important;padding-left: 80px !important;}&#8221; accent_color=&#8221;#00513e&#8221;]<div  class=\"wpb_content_element   clearfix\"><style type=\"text\/css\">#ut_am_69d454c395de4 { opacity: 1; }#ut_am_wrap_69d454c395de5 .ut-image-gallery-item-caption-title h3 { letter-spacing: 0em; }#ut_am_wrap_69d454c395de5 .ut-gallery-slider-caption { font-weight: bold; }#ut_am_wrap_69d454c395de5 { text-align: left; }@media (min-width: 768px) and (max-width: 1024px) { #ut_am_wrap_69d454c395de5 { text-align: left !important; } }@media (max-width: 767px) { #ut_am_wrap_69d454c395de5 { text-align: center !important; } }<\/style><div id=\"ut_am_wrap_69d454c395de5\" class=\"ut-image-gallery-image \"><div id=\"ut_reveal_69d454c395de6\"  data-appear-top-offset=\"auto\" class=\"ut-animated-image-item ut-image-gallery-item ut-animation-done \"><a class=\"ut-deactivated-link\" href=\"#\"><div class=\"ut-animated-image-zoom\"><img loading=\"lazy\" decoding=\"async\" class=\"ut-lazy skip-lazy ut-animated-image \"  id=\"ut_am_69d454c395de4\" src=\"data:image\/svg+xml;charset=utf-8,%3Csvg xmlns%3D'http%3A%2F%2Fwww.w3.org%2F2000%2Fsvg' viewBox%3D'0 0 632 252'%2F%3E\" data-src=\"https:\/\/test.fondoalquimia.org\/wp-content\/uploads\/2022\/12\/Nuevo-directorio-632x252.jpg\" width=\"632\" height=\"252\" alt=\"\"\/><\/div><\/a><\/div><\/div><\/div>[\/vc_column][vc_column width=&#8221;1\/4&#8243;][\/vc_column][\/vc_row][vc_row][vc_column css=&#8221;.vc_custom_1671741746677{margin-bottom: -50px !important;}&#8221;]<div  class=\"wpb_content_element   clearfix\"><style type=\"text\/css\">#ut_am_69d454c395f98 { opacity: 1; }#ut_am_wrap_69d454c395f99 .ut-image-gallery-item-caption-title h3 { letter-spacing: 0em; }#ut_am_wrap_69d454c395f99 .ut-gallery-slider-caption { font-weight: bold; }#ut_am_wrap_69d454c395f99 { text-align: center; }@media (min-width: 768px) and (max-width: 1024px) { #ut_am_wrap_69d454c395f99 { text-align: center !important; } }@media (max-width: 767px) { #ut_am_wrap_69d454c395f99 { text-align: center !important; } }<\/style><div id=\"ut_am_wrap_69d454c395f99\" class=\"ut-image-gallery-image \"><div id=\"ut_reveal_69d454c395f9a\"  data-appear-top-offset=\"auto\" class=\"ut-animated-image-item ut-image-gallery-item ut-animation-done \"><a class=\"ut-deactivated-link\" href=\"#\"><div class=\"ut-animated-image-zoom\"><img loading=\"lazy\" decoding=\"async\" class=\"ut-lazy skip-lazy ut-animated-image \"  id=\"ut_am_69d454c395f98\" src=\"data:image\/svg+xml;charset=utf-8,%3Csvg xmlns%3D'http%3A%2F%2Fwww.w3.org%2F2000%2Fsvg' viewBox%3D'0 0 632 252'%2F%3E\" data-src=\"https:\/\/test.fondoalquimia.org\/wp-content\/uploads\/2022\/12\/MARIA-JOSE-AZOCAR.png\" width=\"632\" height=\"252\" alt=\"\"\/><\/div><\/a><\/div><\/div><\/div>[\/vc_column][\/vc_row][vc_row css=&#8221;.vc_custom_1671725342517{margin-top: 50px !important;}&#8221;][vc_column width=&#8221;1\/3&#8243;]<div  class=\"wpb_content_element   clearfix\"><style type=\"text\/css\">#ut_am_69d454c396155 { opacity: 1; }#ut_am_wrap_69d454c396156 .ut-image-gallery-item-caption-title h3 { letter-spacing: 0em; }#ut_am_wrap_69d454c396156 .ut-gallery-slider-caption { font-weight: bold; }#ut_am_wrap_69d454c396156 { text-align: center; }@media (min-width: 768px) and (max-width: 1024px) { #ut_am_wrap_69d454c396156 { text-align: center !important; } }@media (max-width: 767px) { #ut_am_wrap_69d454c396156 { text-align: center !important; } }<\/style><div id=\"ut_am_wrap_69d454c396156\" class=\"ut-image-gallery-image \"><div id=\"ut_reveal_69d454c396157\"  data-appear-top-offset=\"auto\" class=\"ut-animated-image-item ut-image-gallery-item ut-animation-done \"><a class=\"ut-deactivated-link\" href=\"#\"><div class=\"ut-animated-image-zoom\"><img loading=\"lazy\" decoding=\"async\" class=\"ut-lazy skip-lazy ut-animated-image \"  id=\"ut_am_69d454c396155\" src=\"data:image\/svg+xml;charset=utf-8,%3Csvg xmlns%3D'http%3A%2F%2Fwww.w3.org%2F2000%2Fsvg' viewBox%3D'0 0 408 331'%2F%3E\" data-src=\"https:\/\/test.fondoalquimia.org\/wp-content\/uploads\/2022\/12\/Vicky.png\" width=\"408\" height=\"331\" alt=\"\"\/><\/div><\/a><\/div><\/div><\/div>[\/vc_column][vc_column width=&#8221;1\/3&#8243;]<div  class=\"wpb_content_element   clearfix\"><style type=\"text\/css\">#ut_am_69d454c396307 { opacity: 1; }#ut_am_wrap_69d454c396308 .ut-image-gallery-item-caption-title h3 { letter-spacing: 0em; }#ut_am_wrap_69d454c396308 .ut-gallery-slider-caption { font-weight: bold; }#ut_am_wrap_69d454c396308 { text-align: center; }@media (min-width: 768px) and (max-width: 1024px) { #ut_am_wrap_69d454c396308 { text-align: center !important; } }@media (max-width: 767px) { #ut_am_wrap_69d454c396308 { text-align: center !important; } }<\/style><div id=\"ut_am_wrap_69d454c396308\" class=\"ut-image-gallery-image \"><div id=\"ut_reveal_69d454c396309\"  data-appear-top-offset=\"auto\" class=\"ut-animated-image-item ut-image-gallery-item ut-animation-done \"><a class=\"ut-deactivated-link\" href=\"#\"><div class=\"ut-animated-image-zoom\"><img loading=\"lazy\" decoding=\"async\" class=\"ut-lazy skip-lazy ut-animated-image \"  id=\"ut_am_69d454c396307\" src=\"data:image\/svg+xml;charset=utf-8,%3Csvg xmlns%3D'http%3A%2F%2Fwww.w3.org%2F2000%2Fsvg' viewBox%3D'0 0 408 331'%2F%3E\" data-src=\"https:\/\/test.fondoalquimia.org\/wp-content\/uploads\/2022\/12\/Toli.png\" width=\"408\" height=\"331\" alt=\"\"\/><\/div><\/a><\/div><\/div><\/div>[\/vc_column][vc_column width=&#8221;1\/3&#8243;]<div  class=\"wpb_content_element   clearfix\"><style type=\"text\/css\">#ut_am_69d454c39648b { opacity: 1; }#ut_am_wrap_69d454c39648c .ut-image-gallery-item-caption-title h3 { letter-spacing: 0em; }#ut_am_wrap_69d454c39648c .ut-gallery-slider-caption { font-weight: bold; }#ut_am_wrap_69d454c39648c { text-align: center; }@media (min-width: 768px) and (max-width: 1024px) { #ut_am_wrap_69d454c39648c { text-align: center !important; } }@media (max-width: 767px) { #ut_am_wrap_69d454c39648c { text-align: center !important; } }<\/style><div id=\"ut_am_wrap_69d454c39648c\" class=\"ut-image-gallery-image \"><div id=\"ut_reveal_69d454c39648d\"  data-appear-top-offset=\"auto\" class=\"ut-animated-image-item ut-image-gallery-item ut-animation-done \"><a class=\"ut-deactivated-link\" href=\"#\"><div class=\"ut-animated-image-zoom\"><img loading=\"lazy\" decoding=\"async\" class=\"ut-lazy skip-lazy ut-animated-image \"  id=\"ut_am_69d454c39648b\" src=\"data:image\/svg+xml;charset=utf-8,%3Csvg xmlns%3D'http%3A%2F%2Fwww.w3.org%2F2000%2Fsvg' viewBox%3D'0 0 408 331'%2F%3E\" data-src=\"https:\/\/test.fondoalquimia.org\/wp-content\/uploads\/2022\/12\/Luzmi.png\" width=\"408\" height=\"331\" alt=\"\"\/><\/div><\/a><\/div><\/div><\/div>[\/vc_column][\/vc_row][vc_row css=&#8221;.vc_custom_1671725342517{margin-top: 50px !important;}&#8221;][vc_column width=&#8221;1\/3&#8243;]<div  class=\"wpb_content_element   clearfix\"><style type=\"text\/css\">#ut_am_69d454c39661f { opacity: 1; }#ut_am_wrap_69d454c396620 .ut-image-gallery-item-caption-title h3 { letter-spacing: 0em; }#ut_am_wrap_69d454c396620 .ut-gallery-slider-caption { font-weight: bold; }#ut_am_wrap_69d454c396620 { text-align: center; }@media (min-width: 768px) and (max-width: 1024px) { #ut_am_wrap_69d454c396620 { text-align: center !important; } }@media (max-width: 767px) { #ut_am_wrap_69d454c396620 { text-align: center !important; } }<\/style><div id=\"ut_am_wrap_69d454c396620\" class=\"ut-image-gallery-image \"><div id=\"ut_reveal_69d454c396621\"  data-appear-top-offset=\"auto\" class=\"ut-animated-image-item ut-image-gallery-item ut-animation-done \"><a class=\"ut-deactivated-link\" href=\"#\"><div class=\"ut-animated-image-zoom\"><img loading=\"lazy\" decoding=\"async\" class=\"ut-lazy skip-lazy ut-animated-image \"  id=\"ut_am_69d454c39661f\" src=\"data:image\/svg+xml;charset=utf-8,%3Csvg xmlns%3D'http%3A%2F%2Fwww.w3.org%2F2000%2Fsvg' viewBox%3D'0 0 408 331'%2F%3E\" data-src=\"https:\/\/test.fondoalquimia.org\/wp-content\/uploads\/2022\/12\/Angela.png\" width=\"408\" height=\"331\" alt=\"\"\/><\/div><\/a><\/div><\/div><\/div>[\/vc_column][vc_column width=&#8221;1\/3&#8243;]<div  class=\"wpb_content_element   clearfix\"><style type=\"text\/css\">#ut_am_69d454c3967b9 { opacity: 1; }#ut_am_wrap_69d454c3967ba .ut-image-gallery-item-caption-title h3 { letter-spacing: 0em; }#ut_am_wrap_69d454c3967ba .ut-gallery-slider-caption { font-weight: bold; }#ut_am_wrap_69d454c3967ba { text-align: center; }@media (min-width: 768px) and (max-width: 1024px) { #ut_am_wrap_69d454c3967ba { text-align: center !important; } }@media (max-width: 767px) { #ut_am_wrap_69d454c3967ba { text-align: center !important; } }<\/style><div id=\"ut_am_wrap_69d454c3967ba\" class=\"ut-image-gallery-image \"><div id=\"ut_reveal_69d454c3967bb\"  data-appear-top-offset=\"auto\" class=\"ut-animated-image-item ut-image-gallery-item ut-animation-done \"><a class=\"ut-deactivated-link\" href=\"#\"><div class=\"ut-animated-image-zoom\"><img loading=\"lazy\" decoding=\"async\" class=\"ut-lazy skip-lazy ut-animated-image \"  id=\"ut_am_69d454c3967b9\" src=\"data:image\/svg+xml;charset=utf-8,%3Csvg xmlns%3D'http%3A%2F%2Fwww.w3.org%2F2000%2Fsvg' viewBox%3D'0 0 408 331'%2F%3E\" data-src=\"https:\/\/test.fondoalquimia.org\/wp-content\/uploads\/2022\/12\/Gloria.png\" width=\"408\" height=\"331\" alt=\"\"\/><\/div><\/a><\/div><\/div><\/div>[\/vc_column][vc_column width=&#8221;1\/3&#8243;]<div  class=\"wpb_content_element   clearfix\"><style type=\"text\/css\">#ut_am_69d454c396950 { opacity: 1; }#ut_am_wrap_69d454c396951 .ut-image-gallery-item-caption-title h3 { letter-spacing: 0em; }#ut_am_wrap_69d454c396951 .ut-gallery-slider-caption { font-weight: bold; }#ut_am_wrap_69d454c396951 { text-align: center; }@media (min-width: 768px) and (max-width: 1024px) { #ut_am_wrap_69d454c396951 { text-align: center !important; } }@media (max-width: 767px) { #ut_am_wrap_69d454c396951 { text-align: center !important; } }<\/style><div id=\"ut_am_wrap_69d454c396951\" class=\"ut-image-gallery-image \"><div id=\"ut_reveal_69d454c396952\"  data-appear-top-offset=\"auto\" class=\"ut-animated-image-item ut-image-gallery-item ut-animation-done \"><a class=\"ut-deactivated-link\" href=\"#\"><div class=\"ut-animated-image-zoom\"><img loading=\"lazy\" decoding=\"async\" class=\"ut-lazy skip-lazy ut-animated-image \"  id=\"ut_am_69d454c396950\" src=\"data:image\/svg+xml;charset=utf-8,%3Csvg xmlns%3D'http%3A%2F%2Fwww.w3.org%2F2000%2Fsvg' viewBox%3D'0 0 408 331'%2F%3E\" data-src=\"https:\/\/test.fondoalquimia.org\/wp-content\/uploads\/2022\/12\/Alicia.png\" width=\"408\" height=\"331\" alt=\"\"\/><\/div><\/a><\/div><\/div><\/div>[\/vc_column][\/vc_row][vc_row][vc_column width=&#8221;1\/3&#8243;][\/vc_column][vc_column width=&#8221;1\/3&#8243; css=&#8221;.vc_custom_1664291309440{margin-top: 10px !important;padding-right: 30px !important;padding-left: 30px !important;background-position: center !important;background-repeat: no-repeat !important;background-size: contain !important;}&#8221;][vc_column_text]<\/p>\n<p style=\"text-align: center; font-size: 1.5em; color: #00513e; font-family: Roboto Condensed;\">EJECUTIVO<\/p>\n<p>[\/vc_column_text][vc_separator color=&#8221;custom&#8221; border_width=&#8221;3&#8243; css=&#8221;.vc_custom_1664326871021{margin-top: -35px !important;padding-right: 120px !important;padding-left: 120px !important;}&#8221; accent_color=&#8221;#00513e&#8221;][vc_column_text css=&#8221;.vc_custom_1664326845838{margin-top: -27px !important;margin-right: 30px !important;margin-left: 30px !important;padding-right: -50px !important;padding-left: -50px !important;background-image: url(https:\/\/test.fondoalquimia.org\/wp-content\/uploads\/2022\/09\/QS_valores_bg.png?id=970) !important;background-position: center !important;background-repeat: no-repeat !important;background-size: contain !important;}&#8221;]<\/p>\n<p style=\"text-align: center;\"><span style=\"color: #e57cc7; font-size: 3em; font-family: Roboto Condensed; font-weight: bold;\">EJECUTIVO<\/span><\/p>\n<p>[\/vc_column_text][\/vc_column][vc_column width=&#8221;1\/3&#8243;][\/vc_column][\/vc_row][vc_row][vc_column]<div  class=\"wpb_content_element   clearfix\"><style type=\"text\/css\">#ut_am_69d454c396ae4 { opacity: 1; }#ut_am_wrap_69d454c396ae5 .ut-image-gallery-item-caption-title h3 { letter-spacing: 0em; }#ut_am_wrap_69d454c396ae5 .ut-gallery-slider-caption { font-weight: bold; }#ut_am_wrap_69d454c396ae5 { text-align: center; }@media (min-width: 768px) and (max-width: 1024px) { #ut_am_wrap_69d454c396ae5 { text-align: center !important; } }@media (max-width: 767px) { #ut_am_wrap_69d454c396ae5 { text-align: center !important; } }<\/style><div id=\"ut_am_wrap_69d454c396ae5\" class=\"ut-image-gallery-image \"><div id=\"ut_reveal_69d454c396ae6\"  data-appear-top-offset=\"auto\" class=\"ut-animated-image-item ut-image-gallery-item ut-animation-done \"><a class=\"ut-deactivated-link\" href=\"#\"><div class=\"ut-animated-image-zoom\"><img loading=\"lazy\" decoding=\"async\" class=\"ut-lazy skip-lazy ut-animated-image \"  id=\"ut_am_69d454c396ae4\" src=\"data:image\/svg+xml;charset=utf-8,%3Csvg xmlns%3D'http%3A%2F%2Fwww.w3.org%2F2000%2Fsvg' viewBox%3D'0 0 1486 413'%2F%3E\" data-src=\"https:\/\/test.fondoalquimia.org\/wp-content\/uploads\/2022\/12\/Calendario-y-banner.png\" width=\"1486\" height=\"413\" alt=\"\"\/><\/div><\/a><\/div><\/div><\/div>[\/vc_column][\/vc_row][vc_row full_width=&#8221;stretch_row_content_no_spaces&#8221; equal_height=&#8221;yes&#8221; content_placement=&#8221;top&#8221;][vc_column width=&#8221;1\/6&#8243;][\/vc_column][vc_column width=&#8221;2\/6&#8243; background_position=&#8221;center top&#8221;][vc_column_text css=&#8221;.vc_custom_1669841514743{margin-left: 150px !important;}&#8221;]<\/p>\n<p style=\"text-align: left; font-size: 1.8em; color: #00513e; font-family: Roboto Condensed; font-weight: bolder;\">CO-DIRECTORAS<br \/>\nEJECUTIVAS<\/p>\n<p style=\"text-align: left; font-size: 1.8em; color: #00513e; font-family: Roboto Condensed;\">Sara Mandujano<br \/>\ny Mar\u00eda Paz Becerra<\/p>\n<p style=\"text-align: left; font-size: 1.8em; color: #00513e; font-family: Roboto Condensed; font-weight: bolder;\">ADMINISTRACI\u00d3N<br \/>\nY FINANZAS<\/p>\n<p style=\"text-align: left; font-size: 1.8em; color: #00513e; font-family: Roboto Condensed;\">Elo\u00edsa Pais<\/p>\n<p style=\"text-align: left; font-size: 1.8em; color: #00513e; font-family: Roboto Condensed; font-weight: bolder;\">MOVILIZACI\u00d3N DE<br \/>\nRECURSOS LOCALES<\/p>\n<p style=\"text-align: left; font-size: 1.8em; color: #00513e; font-family: Roboto Condensed;\">Paula Contreras<\/p>\n<div class=\"notranslate\" style=\"all: initial;\"><\/div>\n<p>[\/vc_column_text][\/vc_column][vc_column width=&#8221;2\/6&#8243;][vc_column_text]<\/p>\n<p style=\"text-align: left; font-size: 1.8em; color: #00513e; font-family: Roboto Condensed; font-weight: bolder;\">PROGRAMAS<\/p>\n<p style=\"text-align: left; font-size: 1.8em; color: #00513e; font-family: Roboto Condensed;\">Doris Qui\u00f1imil<br \/>\nClaudia Rodr\u00edguez<br \/>\nLeonor Espinoza<br \/>\nIsabel Castillo<\/p>\n<p style=\"text-align: left; font-size: 1.8em; color: #00513e; font-family: Roboto Condensed; font-weight: bolder;\">COMUNICACIONES<\/p>\n<p style=\"text-align: left; font-size: 1.8em; color: #00513e; font-family: Roboto Condensed;\">Victoria Vi\u00f1als<\/p>\n<p style=\"text-align: left; font-size: 1.8em; color: #00513e; font-family: Roboto Condensed; font-weight: bolder;\">MANTENIMIENTO<\/p>\n<p style=\"text-align: left; font-size: 1.8em; color: #00513e; font-family: Roboto Condensed;\">Patricia Suazo<\/p>\n<p>[\/vc_column_text][\/vc_column][vc_column width=&#8221;1\/6&#8243;][\/vc_column][\/vc_row][\/vc_section]<\/p>\n","protected":false},"excerpt":{"rendered":"<p>[vc_section background_position=&#8221;center top&#8221; css=&#8221;.vc_custom_1667489018932{margin-top: -50px !important;}&#8221;][vc_row equal_height=&#8221;yes&#8221;][vc_column width=&#8221;1\/5&#8243;][\/vc_column][vc_column width=&#8221;1\/5&#8243; bklyn_overlay=&#8221;true&#8221; css=&#8221;.vc_custom_1671665552226{padding-top: 55px !important;padding-bottom: 12px !important;background-color: #00a870 !important;}&#8221;][vc_column_text] QUI\u00c9NES [\/vc_column_text][vc_separator color=&#8221;white&#8221; border_width=&#8221;3&#8243; css=&#8221;.vc_custom_1664236679643{margin-top: -33px !important;padding-right: 35px !important;padding-left: 35px !important;}&#8221;][vc_column_text css=&#8221;.vc_custom_1669656751384{margin-top: -24px !important;}&#8221;] SOMOS [\/vc_column_text][\/vc_column][vc_column width=&#8221;2\/5&#8243; css=&#8221;.vc_custom_1664235355052{background-color: #00a870 !important;}&#8221;][vc_column_text] Somos un fondo de mujeres feminista, que trabaja por los derechos humanos de mujeres, ni\u00f1as y diversidades sexuales [&hellip;]<\/p>\n","protected":false},"author":2,"featured_media":0,"parent":0,"menu_order":0,"comment_status":"closed","ping_status":"closed","template":"","meta":{"footnotes":""},"class_list":["post-961","page","type-page","status-publish","hentry"],"_links":{"self":[{"href":"https:\/\/test.fondoalquimia.org\/index.php?rest_route=\/wp\/v2\/pages\/961","targetHints":{"allow":["GET"]}}],"collection":[{"href":"https:\/\/test.fondoalquimia.org\/index.php?rest_route=\/wp\/v2\/pages"}],"about":[{"href":"https:\/\/test.fondoalquimia.org\/index.php?rest_route=\/wp\/v2\/types\/page"}],"author":[{"embeddable":true,"href":"https:\/\/test.fondoalquimia.org\/index.php?rest_route=\/wp\/v2\/users\/2"}],"replies":[{"embeddable":true,"href":"https:\/\/test.fondoalquimia.org\/index.php?rest_route=%2Fwp%2Fv2%2Fcomments&post=961"}],"version-history":[{"count":68,"href":"https:\/\/test.fondoalquimia.org\/index.php?rest_route=\/wp\/v2\/pages\/961\/revisions"}],"predecessor-version":[{"id":2061,"href":"https:\/\/test.fondoalquimia.org\/index.php?rest_route=\/wp\/v2\/pages\/961\/revisions\/2061"}],"wp:attachment":[{"href":"https:\/\/test.fondoalquimia.org\/index.php?rest_route=%2Fwp%2Fv2%2Fmedia&parent=961"}],"curies":[{"name":"wp","href":"https:\/\/api.w.org\/{rel}","templated":true}]}}